{"id":15954,"date":"2023-06-09T12:36:15","date_gmt":"2023-06-09T12:36:15","guid":{"rendered":"https:\/\/mocnirazem.com.pl\/?page_id=15954"},"modified":"2025-11-27T09:45:45","modified_gmt":"2025-11-27T09:45:45","slug":"ustawienia-cookies","status":"publish","type":"page","link":"https:\/\/mocnirazem.com.pl\/?page_id=15954","title":{"rendered":"Ustawienia cookies"},"content":{"rendered":"<p>[vc_row css_animation=&#8221;&#8221; row_type=&#8221;row&#8221; use_row_as_full_screen_section=&#8221;no&#8221; type=&#8221;grid&#8221; angled_section=&#8221;no&#8221; text_align=&#8221;left&#8221; background_image_as_pattern=&#8221;without_pattern&#8221; background_color=&#8221;#ffffff&#8221; padding_top=&#8221;87&#8243; padding_bottom=&#8221;0&#8243;][vc_column][vc_column_text]<\/p>\n<h2><\/h2>\n<h2><\/h2>\n<h2 style=\"text-align: center;\">USTAWIENIA COOKIES<\/h2>\n<p>[\/vc_column_text][vc_separator type=&#8221;small&#8221; position=&#8221;center&#8221; up=&#8221;7&#8243; down=&#8221;38&#8243;][vc_column_text]<strong>OneTrust<\/strong><\/p>\n<p>Na\u00a0naszych stronach internetowych u\u017cywamy OneTrust, aby pom\u00f3c Ci\u00a0zarz\u0105dza\u0107 ustawieniami i\u00a0preferencjami dotycz\u0105cymi plik\u00f3w cookie. Mo\u017cesz je\u00a0zmieni\u0107 w\u00a0ka\u017cdej chwili korzystaj\u0105c z\u00a0poni\u017cszego linku:<\/p>\n<p><button id=\"ot-sdk-btn\" class=\"ot-sdk-show-settings\">Ustawienia plik\u00f3w cookie<\/button>[\/vc_column_text][vc_separator type=&#8221;transparent&#8221; up=&#8221;31&#8243; down=&#8221;19&#8243;][\/vc_column][\/vc_row]<\/p>\n","protected":false},"excerpt":{"rendered":"<p>[vc_row css_animation=&#8221;&#8221; row_type=&#8221;row&#8221; use_row_as_full_screen_section=&#8221;no&#8221; type=&#8221;grid&#8221; angled_section=&#8221;no&#8221; text_align=&#8221;left&#8221; background_image_as_pattern=&#8221;without_pattern&#8221; background_color=&#8221;#ffffff&#8221; padding_top=&#8221;87&#8243; padding_bottom=&#8221;0&#8243;][vc_column][vc_column_text] USTAWIENIA COOKIES [\/vc_column_text][vc_separator type=&#8221;small&#8221; position=&#8221;center&#8221; up=&#8221;7&#8243; down=&#8221;38&#8243;][vc_column_text]OneTrust Na\u00a0naszych stronach internetowych u\u017cywamy OneTrust, aby pom\u00f3c Ci\u00a0zarz\u0105dza\u0107 ustawieniami i\u00a0preferencjami dotycz\u0105cymi plik\u00f3w cookie. Mo\u017cesz je\u00a0zmieni\u0107 w\u00a0ka\u017cdej chwili korzystaj\u0105c z\u00a0poni\u017cszego linku: Ustawienia plik\u00f3w cookie[\/vc_column_text][vc_separator type=&#8221;transparent&#8221; up=&#8221;31&#8243; down=&#8221;19&#8243;][\/vc_column][\/vc_row]<\/p>\n","protected":false},"author":1,"featured_media":0,"parent":0,"menu_order":0,"comment_status":"open","ping_status":"closed","template":"full_width.php","meta":{"footnotes":""},"class_list":["post-15954","page","type-page","status-publish","hentry"],"_links":{"self":[{"href":"https:\/\/mocnirazem.com.pl\/index.php?rest_route=\/wp\/v2\/pages\/15954"}],"collection":[{"href":"https:\/\/mocnirazem.com.pl\/index.php?rest_route=\/wp\/v2\/pages"}],"about":[{"href":"https:\/\/mocnirazem.com.pl\/index.php?rest_route=\/wp\/v2\/types\/page"}],"author":[{"embeddable":true,"href":"https:\/\/mocnirazem.com.pl\/index.php?rest_route=\/wp\/v2\/users\/1"}],"replies":[{"embeddable":true,"href":"https:\/\/mocnirazem.com.pl\/index.php?rest_route=%2Fwp%2Fv2%2Fcomments&post=15954"}],"version-history":[{"count":3,"href":"https:\/\/mocnirazem.com.pl\/index.php?rest_route=\/wp\/v2\/pages\/15954\/revisions"}],"predecessor-version":[{"id":15974,"href":"https:\/\/mocnirazem.com.pl\/index.php?rest_route=\/wp\/v2\/pages\/15954\/revisions\/15974"}],"wp:attachment":[{"href":"https:\/\/mocnirazem.com.pl\/index.php?rest_route=%2Fwp%2Fv2%2Fmedia&parent=15954"}],"curies":[{"name":"wp","href":"https:\/\/api.w.org\/{rel}","templated":true}]}}